{"id":106929,"date":"2023-08-02T09:42:29","date_gmt":"2023-08-02T07:42:29","guid":{"rendered":"https:\/\/www.mascabardes.fr\/?page_id=106929"},"modified":"2023-08-02T10:45:48","modified_gmt":"2023-08-02T08:45:48","slug":"amg-11","status":"publish","type":"page","link":"https:\/\/www.mascabardes.fr\/index.php\/amg-11\/","title":{"rendered":"AMG 11"},"content":{"rendered":"\n<div class=\"wp-block-columns is-layout-flex wp-container-core-columns-is-layout-9d6595d7 wp-block-columns-is-layout-flex\">\n<div class=\"wp-block-column is-layout-flow wp-block-column-is-layout-flow\">\n<figure class=\"wp-block-image size-full\"><img loading=\"lazy\" decoding=\"async\" width=\"847\" height=\"565\" src=\"https:\/\/www.mascabardes.fr\/wp-content\/uploads\/2023\/08\/10-choses-a-savoir-sur-la-mecanique-direct-garantie.jpg\" alt=\"\" class=\"wp-image-106930\" srcset=\"https:\/\/www.mascabardes.fr\/wp-content\/uploads\/2023\/08\/10-choses-a-savoir-sur-la-mecanique-direct-garantie.jpg 847w, https:\/\/www.mascabardes.fr\/wp-content\/uploads\/2023\/08\/10-choses-a-savoir-sur-la-mecanique-direct-garantie-300x200.jpg 300w, https:\/\/www.mascabardes.fr\/wp-content\/uploads\/2023\/08\/10-choses-a-savoir-sur-la-mecanique-direct-garantie-768x512.jpg 768w\" sizes=\"auto, (max-width: 847px) 100vw, 847px\" \/><\/figure>\n<\/div>\n\n\n\n<div class=\"wp-block-column is-layout-flow wp-block-column-is-layout-flow\">\n<p>D\u00e9p\u00f4t de gaz<\/p>\n\n\n\n<p>Entretien et r\u00e9paration de v\u00e9hicules<\/p>\n\n\n\n<p>(Sur rendez-vous)<\/p>\n\n\n\n<p>Z.A Massefans<\/p>\n\n\n\n<p>11380 Mas-Cabard\u00e9s<\/p>\n\n\n\n<p>06 14 53 49 41<\/p>\n<\/div>\n<\/div>\n","protected":false},"excerpt":{"rendered":"<p>D\u00e9p\u00f4t de gaz Entretien et r\u00e9paration de v\u00e9hicules (Sur rendez-vous) Z.A Massefans 11380 Mas-Cabard\u00e9s 06 14 53 49 41<\/p>\n","protected":false},"author":1,"featured_media":0,"parent":0,"menu_order":0,"comment_status":"closed","ping_status":"closed","template":"","meta":{"_bbp_topic_count":0,"_bbp_reply_count":0,"_bbp_total_topic_count":0,"_bbp_total_reply_count":0,"_bbp_voice_count":0,"_bbp_anonymous_reply_count":0,"_bbp_topic_count_hidden":0,"_bbp_reply_count_hidden":0,"_bbp_forum_subforum_count":0,"footnotes":""},"class_list":["post-106929","page","type-page","status-publish","hentry"],"_links":{"self":[{"href":"https:\/\/www.mascabardes.fr\/index.php\/wp-json\/wp\/v2\/pages\/106929","targetHints":{"allow":["GET"]}}],"collection":[{"href":"https:\/\/www.mascabardes.fr\/index.php\/wp-json\/wp\/v2\/pages"}],"about":[{"href":"https:\/\/www.mascabardes.fr\/index.php\/wp-json\/wp\/v2\/types\/page"}],"author":[{"embeddable":true,"href":"https:\/\/www.mascabardes.fr\/index.php\/wp-json\/wp\/v2\/users\/1"}],"replies":[{"embeddable":true,"href":"https:\/\/www.mascabardes.fr\/index.php\/wp-json\/wp\/v2\/comments?post=106929"}],"version-history":[{"count":2,"href":"https:\/\/www.mascabardes.fr\/index.php\/wp-json\/wp\/v2\/pages\/106929\/revisions"}],"predecessor-version":[{"id":106934,"href":"https:\/\/www.mascabardes.fr\/index.php\/wp-json\/wp\/v2\/pages\/106929\/revisions\/106934"}],"wp:attachment":[{"href":"https:\/\/www.mascabardes.fr\/index.php\/wp-json\/wp\/v2\/media?parent=106929"}],"curies":[{"name":"wp","href":"https:\/\/api.w.org\/{rel}","templated":true}]}}