{"id":106599,"date":"2023-07-19T08:51:13","date_gmt":"2023-07-19T06:51:13","guid":{"rendered":"https:\/\/www.mascabardes.fr\/?page_id=106599"},"modified":"2023-07-31T15:55:49","modified_gmt":"2023-07-31T13:55:49","slug":"la-gendarmerie","status":"publish","type":"page","link":"https:\/\/www.mascabardes.fr\/index.php\/la-gendarmerie\/","title":{"rendered":"La gendarmerie"},"content":{"rendered":"<section class=\"wpb-content-wrapper\"><p>[vc_row full_width=&#8221;stretch_row_content_no_spaces&#8221;][vc_column]<div class=\"sc_content content_wrap\"><\/div><h3 class=\"sc_title sc_title_regular sc_align_left margin_top_small\" style=\"margin-bottom: 1.25em;text-align:left;\">La gendarmerie<\/h3>[vc_column_text]<\/p>\n\n\n\n<div class=\"wp-block-media-text alignwide\"><figure class=\"wp-block-media-text__media\"><img loading=\"lazy\" decoding=\"async\" width=\"1024\" height=\"576\" src=\"https:\/\/www.mascabardes.fr\/wp-content\/uploads\/2023\/07\/B9729032326Z.1_20211118154700_000GD0JC23O7.2-0-1024x576.jpg\" alt=\"\" class=\"wp-image-106600 size-full\" srcset=\"https:\/\/www.mascabardes.fr\/wp-content\/uploads\/2023\/07\/B9729032326Z.1_20211118154700_000GD0JC23O7.2-0-1024x576.jpg 1024w, https:\/\/www.mascabardes.fr\/wp-content\/uploads\/2023\/07\/B9729032326Z.1_20211118154700_000GD0JC23O7.2-0-300x169.jpg 300w, https:\/\/www.mascabardes.fr\/wp-content\/uploads\/2023\/07\/B9729032326Z.1_20211118154700_000GD0JC23O7.2-0-768x432.jpg 768w, https:\/\/www.mascabardes.fr\/wp-content\/uploads\/2023\/07\/B9729032326Z.1_20211118154700_000GD0JC23O7.2-0.jpg 1350w\" sizes=\"auto, (max-width: 1024px) 100vw, 1024px\" \/><\/figure><div class=\"wp-block-media-text__content\">\n<p><strong>Gendarmerie Nationale<\/strong><\/p>\n\n\n\n<p>14, Avenue du Moulin-de-Salles<\/p>\n\n\n\n<p>11380 &#8211; MAS CABARDES<\/p>\n\n\n\n<p>Permanence physique \u00e0 la mairie<\/p>\n\n\n\n<p>tous les jeudis apr\u00e8s-midi de 14h \u00e0 18h<\/p>\n\n\n\n<p><strong>T\u00e9l:<\/strong> 17<\/p>\n<\/div><\/div>\n\n\n\n<div class=\"wp-block-spacer\" style=\"height: 133px;\" aria-hidden=\"true\">\u00a0<\/div>\n<\/section>","protected":false},"excerpt":{"rendered":"<p>Gendarmerie Nationale 14, Avenue du Moulin-de-Salles 11380 &#8211; MAS CABARDES Permanence physique \u00e0 la mairie tous les jeudis apr\u00e8s-midi de 14h \u00e0 18h T\u00e9l: 17<\/p>\n","protected":false},"author":1,"featured_media":0,"parent":0,"menu_order":0,"comment_status":"closed","ping_status":"closed","template":"","meta":{"_bbp_topic_count":0,"_bbp_reply_count":0,"_bbp_total_topic_count":0,"_bbp_total_reply_count":0,"_bbp_voice_count":0,"_bbp_anonymous_reply_count":0,"_bbp_topic_count_hidden":0,"_bbp_reply_count_hidden":0,"_bbp_forum_subforum_count":0,"footnotes":""},"class_list":["post-106599","page","type-page","status-publish","hentry"],"_links":{"self":[{"href":"https:\/\/www.mascabardes.fr\/index.php\/wp-json\/wp\/v2\/pages\/106599","targetHints":{"allow":["GET"]}}],"collection":[{"href":"https:\/\/www.mascabardes.fr\/index.php\/wp-json\/wp\/v2\/pages"}],"about":[{"href":"https:\/\/www.mascabardes.fr\/index.php\/wp-json\/wp\/v2\/types\/page"}],"author":[{"embeddable":true,"href":"https:\/\/www.mascabardes.fr\/index.php\/wp-json\/wp\/v2\/users\/1"}],"replies":[{"embeddable":true,"href":"https:\/\/www.mascabardes.fr\/index.php\/wp-json\/wp\/v2\/comments?post=106599"}],"version-history":[{"count":3,"href":"https:\/\/www.mascabardes.fr\/index.php\/wp-json\/wp\/v2\/pages\/106599\/revisions"}],"predecessor-version":[{"id":106914,"href":"https:\/\/www.mascabardes.fr\/index.php\/wp-json\/wp\/v2\/pages\/106599\/revisions\/106914"}],"wp:attachment":[{"href":"https:\/\/www.mascabardes.fr\/index.php\/wp-json\/wp\/v2\/media?parent=106599"}],"curies":[{"name":"wp","href":"https:\/\/api.w.org\/{rel}","templated":true}]}}