{"id":106566,"date":"2023-07-18T16:13:30","date_gmt":"2023-07-18T14:13:30","guid":{"rendered":"https:\/\/www.mascabardes.fr\/?page_id=106566"},"modified":"2023-07-18T16:22:48","modified_gmt":"2023-07-18T14:22:48","slug":"lepicerie-chez-denis","status":"publish","type":"page","link":"https:\/\/www.mascabardes.fr\/index.php\/lepicerie-chez-denis\/","title":{"rendered":"L&#8217;Epicerie chez Denis"},"content":{"rendered":"<section class=\"wpb-content-wrapper\"><p>[vc_row full_width=&#8221;stretch_row_content_no_spaces&#8221;][vc_column]<div class=\"sc_content content_wrap\"><\/div><h3 class=\"sc_title sc_title_regular sc_align_left margin_top_small\" style=\"margin-bottom: 1.25em;text-align:left;\">L&#8217;Epicerie chez Denis<\/h3>[vc_column_text]<\/p>\n\n\n\n<div class=\"wp-block-media-text alignwide\"><figure class=\"wp-block-media-text__media\"><img loading=\"lazy\" decoding=\"async\" width=\"394\" height=\"258\" src=\"https:\/\/www.mascabardes.fr\/wp-content\/uploads\/2023\/07\/90848E8E-BEF8-48AA-AD6A-0311630B37F1.webp\" alt=\"\" class=\"wp-image-106572 size-full\" srcset=\"https:\/\/www.mascabardes.fr\/wp-content\/uploads\/2023\/07\/90848E8E-BEF8-48AA-AD6A-0311630B37F1.webp 394w, https:\/\/www.mascabardes.fr\/wp-content\/uploads\/2023\/07\/90848E8E-BEF8-48AA-AD6A-0311630B37F1-300x196.webp 300w\" sizes=\"auto, (max-width: 394px) 100vw, 394px\" \/><\/figure><div class=\"wp-block-media-text__content\">\n<p><\/p>\n\n\n\n<p>L&#8217;\u00e9picerie du village est un service public \u00e0 part enti\u00e8re, un service public comme on en trouve de moins en moins avec un \u00e9picier pr\u00eat \u00e0 tout pour satisfaire ses clients. Son d\u00e9vouement est exemplaire, vous pouvez lui commander n&#8217;importe quoi, il va vous le trouver..&nbsp;<\/p>\n\n\n\n<p>l&#8217;\u00e9picerie qui fait aussi d\u00e9p\u00f4t de pain est indispensable au village et Denis son \u00e9piciers tient l&#8217;\u00e9picerie depuis tant d&#8217;ann\u00e9es que tous ceux qui le connaissent et qui l&#8217;estiment tant le voudraient irrempla\u00e7able !<\/p>\n\n\n\n<p>On vous invite \u00e0 venir faire sa connaissance et profiter des bons produits que nous propose son \u00e9picerie au coeur du village.&nbsp;<\/p>\n\n\n\n<p>Laure.<\/p>\n\n\n\n<p><strong>Horaires:\u00a0<\/strong><\/p>\n\n\n\n<p>Et\u00e9: ouvert tous les jours de 9h \u00e0 12h30\u00a0et de 18h \u00e0 20h30.<\/p>\n\n\n\n<p>Hiver: ouvert tous les jours sauf le lundi de 9h \u00e0 12h30. &nbsp;<\/p>\n<\/div><\/div>\n\n\n\n<p><\/p>\n\n\n\n<div class=\"wp-block-spacer\" style=\"height: 133px;\" aria-hidden=\"true\">\u00a0<\/div>\n<\/section>","protected":false},"excerpt":{"rendered":"<p>L&#8217;\u00e9picerie du village est un service public \u00e0 part enti\u00e8re, un service public comme on en trouve de moins en moins avec un \u00e9picier pr\u00eat \u00e0 tout pour satisfaire ses [&hellip;]<\/p>\n","protected":false},"author":1,"featured_media":0,"parent":0,"menu_order":0,"comment_status":"closed","ping_status":"closed","template":"","meta":{"_bbp_topic_count":0,"_bbp_reply_count":0,"_bbp_total_topic_count":0,"_bbp_total_reply_count":0,"_bbp_voice_count":0,"_bbp_anonymous_reply_count":0,"_bbp_topic_count_hidden":0,"_bbp_reply_count_hidden":0,"_bbp_forum_subforum_count":0,"footnotes":""},"class_list":["post-106566","page","type-page","status-publish","hentry"],"_links":{"self":[{"href":"https:\/\/www.mascabardes.fr\/index.php\/wp-json\/wp\/v2\/pages\/106566","targetHints":{"allow":["GET"]}}],"collection":[{"href":"https:\/\/www.mascabardes.fr\/index.php\/wp-json\/wp\/v2\/pages"}],"about":[{"href":"https:\/\/www.mascabardes.fr\/index.php\/wp-json\/wp\/v2\/types\/page"}],"author":[{"embeddable":true,"href":"https:\/\/www.mascabardes.fr\/index.php\/wp-json\/wp\/v2\/users\/1"}],"replies":[{"embeddable":true,"href":"https:\/\/www.mascabardes.fr\/index.php\/wp-json\/wp\/v2\/comments?post=106566"}],"version-history":[{"count":6,"href":"https:\/\/www.mascabardes.fr\/index.php\/wp-json\/wp\/v2\/pages\/106566\/revisions"}],"predecessor-version":[{"id":106574,"href":"https:\/\/www.mascabardes.fr\/index.php\/wp-json\/wp\/v2\/pages\/106566\/revisions\/106574"}],"wp:attachment":[{"href":"https:\/\/www.mascabardes.fr\/index.php\/wp-json\/wp\/v2\/media?parent=106566"}],"curies":[{"name":"wp","href":"https:\/\/api.w.org\/{rel}","templated":true}]}}